{"id":49,"date":"2025-10-25T11:55:02","date_gmt":"2025-10-25T09:55:02","guid":{"rendered":"https:\/\/www.typhainesacchi.com\/?page_id=49"},"modified":"2025-10-25T11:55:02","modified_gmt":"2025-10-25T09:55:02","slug":"metiers-du-livre-2012-2017","status":"publish","type":"page","link":"https:\/\/www.typhainesacchi.com\/?page_id=49","title":{"rendered":"M\u00e9tiers du livre (2012-2017)"},"content":{"rendered":"<p><strong>F\u00e9vrier 2016 \u2013 D\u00e9cembre 2017 <\/strong>Responsable du rayon litt\u00e9rature \u2013 Librairie Gibert Joseph Paris 13<\/p>\n<ul>\n<li>Gestion du rayon (organisation des tables, gestion des stocks, coups de c\u0153ur, tables et vitrines \u00e0 th\u00e8me)<\/li>\n<li>Accueil des clients (conseils, orientation, enregistrement des commandes)<\/li>\n<li>Pr\u00e9paration des programmes avec les repr\u00e9sentants des maisons d\u2019\u00e9dition<\/li>\n<li>Organisation et animation de rencontres\/d\u00e9dicaces avec cr\u00e9ation d\u2019affiches et de flyers<\/li>\n<li>Cr\u00e9ation et d\u00e9veloppement d\u2019un compte Twitter \u2013 animation en direct lors des \u00e9v\u00e9nements<\/li>\n<\/ul>\n<p><strong>Novembre 2014- septembre 2017 <\/strong>Assistante puis responsable des espaces presse et VIP (Salon Paris Manga)<\/p>\n<p>En amont<\/p>\n<ul>\n<li>Relecture et correction de diff\u00e9rents documents \u2013 dossier de presse, r\u00e8glement<\/li>\n<li>Mise au point du listing final invit\u00e9s\/m\u00e9dias, r\u00e9partition des diff\u00e9rents espaces<\/li>\n<\/ul>\n<p>Sur le salon<\/p>\n<ul>\n<li>Gestion des espaces presse et VIP de l\u2019ouverture \u00e0 la fermeture du salon<\/li>\n<li>Accueil des journalistes<\/li>\n<li>Gestion des plannings interviews<\/li>\n<li>Encadrement des rencontres journalistes\/invit\u00e9s et accompagnement<\/li>\n<\/ul>\n<p><strong>Novembre 2014 \u2013 Janvier 2016 <\/strong>Responsable communication \u2013 site de vente en ligne Collector Discount<\/p>\n<ul>\n<li>Animation de la page Facebook et promotion des produits \u2013 posts, newsletters, photomontages<\/li>\n<li>Gestion des commandes et du service client (client\u00e8le fran\u00e7aise et internationale)<\/li>\n<li>Participation aux salons (montage, tenue du stand, encaissement)<\/li>\n<\/ul>\n<p><strong>Septembre \u2013 Octobre 2013 \/ Juillet \u2013 Octobre 2014 <\/strong>Vendeuse \u2013 Librairie Gibert Joseph Paris 13, rayons litt\u00e9rature\/sciences humaines<\/p>\n<ul>\n<li>R\u00e9ception et mise en place des produits<\/li>\n<li>Accueil des clients (conseils, orientation, enregistrement des commandes)<\/li>\n<li>Rangement des ouvrages, gestion des retours<\/li>\n<\/ul>\n<p><strong>Mai \u2013 Juin 2014 <\/strong>Stage aux \u00c9ditions French Eyes\u00a0: assistante du service communication<\/p>\n<ul>\n<li>Mise \u00e0 jour, gestion et enrichissement du site internet<\/li>\n<li>Cr\u00e9ation de contenus et de rubriques, r\u00e9daction d\u2019articles<\/li>\n<li>Community management \u2013 en particulier Facebook<\/li>\n<li>Divers travaux de relecture et de correction \u2013 dossiers de presse, site<\/li>\n<\/ul>\n<p><strong>Octobre 2013 \u2013 Juillet 2014 <\/strong>Vacataire \u2013 M\u00e9diath\u00e8que Arthur Rimbaud \u00e0 Antony<\/p>\n<ul>\n<li>Accueil des lecteurs et lectrices<\/li>\n<li>Rangement des ouvrages<\/li>\n<li>Participation aux animations<\/li>\n<\/ul>\n<p><strong>Octobre 2012 \u00e0 avril 2013<\/strong> Stage aux \u00c9ditions de l\u2019Atelier\u00a0: assistante du service communication \u2013 commercial<\/p>\n<ul>\n<li>\u00c9laboration et suivi des plans m\u00e9dias<\/li>\n<li>Pr\u00e9paration et envoi des services de presse<\/li>\n<li>Participation \u00e0 l\u2019organisation et au suivi des rencontres avec les auteurs et les journalistes, accompagnement<\/li>\n<li>R\u00e9alisation de documents de promotion (argumentaires, communiqu\u00e9s de presse, revues de presse, programmes de parutions\u2026)<\/li>\n<li>Participation \u00e0 diff\u00e9rents \u00e9v\u00e9nements (conf\u00e9rences, Salon du Livre)<\/li>\n<li>Gestion du site internet, annonce des nouveaut\u00e9s et \u00e9v\u00e9nements \u00e0 venir<\/li>\n<\/ul>\n","protected":false},"excerpt":{"rendered":"<p>F\u00e9vrier 2016 \u2013 D\u00e9cembre 2017 Responsable du rayon litt\u00e9rature \u2013 Librairie Gibert Joseph Paris 13 Gestion du rayon (organisation des tables, gestion des stocks, coups de c\u0153ur, tables et vitrines \u00e0 th\u00e8me) Accueil des clients (conseils, orientation, enregistrement des commandes) Pr\u00e9paration des programmes avec les repr\u00e9sentants des maisons d\u2019\u00e9dition Organisation et animation de rencontres\/d\u00e9dicaces avec [&hellip;]<\/p>\n","protected":false},"author":1,"featured_media":0,"parent":0,"menu_order":0,"comment_status":"closed","ping_status":"closed","template":"","meta":{"footnotes":""},"class_list":["post-49","page","type-page","status-publish","hentry"],"_links":{"self":[{"href":"https:\/\/www.typhainesacchi.com\/index.php?rest_route=\/wp\/v2\/pages\/49","targetHints":{"allow":["GET"]}}],"collection":[{"href":"https:\/\/www.typhainesacchi.com\/index.php?rest_route=\/wp\/v2\/pages"}],"about":[{"href":"https:\/\/www.typhainesacchi.com\/index.php?rest_route=\/wp\/v2\/types\/page"}],"author":[{"embeddable":true,"href":"https:\/\/www.typhainesacchi.com\/index.php?rest_route=\/wp\/v2\/users\/1"}],"replies":[{"embeddable":true,"href":"https:\/\/www.typhainesacchi.com\/index.php?rest_route=%2Fwp%2Fv2%2Fcomments&post=49"}],"version-history":[{"count":2,"href":"https:\/\/www.typhainesacchi.com\/index.php?rest_route=\/wp\/v2\/pages\/49\/revisions"}],"predecessor-version":[{"id":51,"href":"https:\/\/www.typhainesacchi.com\/index.php?rest_route=\/wp\/v2\/pages\/49\/revisions\/51"}],"wp:attachment":[{"href":"https:\/\/www.typhainesacchi.com\/index.php?rest_route=%2Fwp%2Fv2%2Fmedia&parent=49"}],"curies":[{"name":"wp","href":"https:\/\/api.w.org\/{rel}","templated":true}]}}