{"id":59,"date":"2025-10-29T06:36:08","date_gmt":"2025-10-29T05:36:08","guid":{"rendered":"https:\/\/www.typhainesacchi.com\/?page_id=59"},"modified":"2025-10-29T06:36:08","modified_gmt":"2025-10-29T05:36:08","slug":"communications-scientifiques-et-pedagogiques","status":"publish","type":"page","link":"https:\/\/www.typhainesacchi.com\/?page_id=59","title":{"rendered":"Communications scientifiques et p\u00e9dagogiques"},"content":{"rendered":"<p><strong>Communications scientifiques<\/strong><\/p>\n<ul>\n<li><strong>15 novembre 2024<\/strong>: \u00ab\u00a0Le refus de la servitude volontaire\u00a0: la science-fiction engag\u00e9e d\u2019Alain Damasio \u00bb, <em>La Science-fiction et ses horizons politiques III<\/em>, s\u00e9minaire <em>Fictions de mondes possibles<\/em>, Universit\u00e9 Toulouse Jean Jaur\u00e8s.<\/li>\n<li><strong>15 juin 2024<\/strong>: \u00ab\u00a0Ma\u00eetre Daniel Rock\u00a0: un d\u00e9fi lanc\u00e9 \u00e0 la modernit\u00e9\u00a0\u00bb, journ\u00e9e d\u2019\u00e9tude de la SERD, <em>Le D\u00e9fi au XIX<sup>e<\/sup> si\u00e8cle<\/em>, Paris Cit\u00e9.<\/li>\n<\/ul>\n<p><strong>Interventions p\u00e9dagogiques<\/strong><\/p>\n<ul>\n<li><strong>24 octobre 2025<\/strong>: \u00ab La distribution en librairie des litt\u00e9ratures de l\u2019imaginaire \u00bb, <em>Pratiques et usages du livre en rayon<\/em>, cours de Licence 3, AlLL Metz de l\u2019Universit\u00e9 de Lorraine\u00a0 (invitation).<\/li>\n<\/ul>\n","protected":false},"excerpt":{"rendered":"<p>Communications scientifiques 15 novembre 2024: \u00ab\u00a0Le refus de la servitude volontaire\u00a0: la science-fiction engag\u00e9e d\u2019Alain Damasio \u00bb, La Science-fiction et ses horizons politiques III, s\u00e9minaire Fictions de mondes possibles, Universit\u00e9 Toulouse Jean Jaur\u00e8s. 15 juin 2024: \u00ab\u00a0Ma\u00eetre Daniel Rock\u00a0: un d\u00e9fi lanc\u00e9 \u00e0 la modernit\u00e9\u00a0\u00bb, journ\u00e9e d\u2019\u00e9tude de la SERD, Le D\u00e9fi au XIXe si\u00e8cle, [&hellip;]<\/p>\n","protected":false},"author":1,"featured_media":0,"parent":0,"menu_order":0,"comment_status":"closed","ping_status":"closed","template":"","meta":{"footnotes":""},"class_list":["post-59","page","type-page","status-publish","hentry"],"_links":{"self":[{"href":"https:\/\/www.typhainesacchi.com\/index.php?rest_route=\/wp\/v2\/pages\/59","targetHints":{"allow":["GET"]}}],"collection":[{"href":"https:\/\/www.typhainesacchi.com\/index.php?rest_route=\/wp\/v2\/pages"}],"about":[{"href":"https:\/\/www.typhainesacchi.com\/index.php?rest_route=\/wp\/v2\/types\/page"}],"author":[{"embeddable":true,"href":"https:\/\/www.typhainesacchi.com\/index.php?rest_route=\/wp\/v2\/users\/1"}],"replies":[{"embeddable":true,"href":"https:\/\/www.typhainesacchi.com\/index.php?rest_route=%2Fwp%2Fv2%2Fcomments&post=59"}],"version-history":[{"count":2,"href":"https:\/\/www.typhainesacchi.com\/index.php?rest_route=\/wp\/v2\/pages\/59\/revisions"}],"predecessor-version":[{"id":61,"href":"https:\/\/www.typhainesacchi.com\/index.php?rest_route=\/wp\/v2\/pages\/59\/revisions\/61"}],"wp:attachment":[{"href":"https:\/\/www.typhainesacchi.com\/index.php?rest_route=%2Fwp%2Fv2%2Fmedia&parent=59"}],"curies":[{"name":"wp","href":"https:\/\/api.w.org\/{rel}","templated":true}]}}